{"id":29552,"date":"2021-11-08T23:17:47","date_gmt":"2021-11-08T23:17:47","guid":{"rendered":"https:\/\/acl.com.ec\/?page_id=29552"},"modified":"2021-12-18T23:30:44","modified_gmt":"2021-12-18T23:30:44","slug":"contabilidad","status":"publish","type":"page","link":"https:\/\/acl.com.ec\/en\/contabilidad\/","title":{"rendered":"Accounting"},"content":{"rendered":"<div data-elementor-type=\"wp-page\" data-elementor-id=\"29552\" class=\"elementor elementor-29552\" data-elementor-settings=\"{&quot;ha_cmc_init_switcher&quot;:&quot;no&quot;}\" data-elementor-post-type=\"page\">\n\t\t\t\t\t\t<section class=\"elementor-section elementor-top-section elementor-element elementor-element-71aae0b1 elementor-section-full_width elementor-section-height-default elementor-section-height-default\" data-id=\"71aae0b1\" data-element_type=\"section\" data-settings=\"{&quot;_ha_eqh_enable&quot;:false}\">\n\t\t\t\t\t\t<div class=\"elementor-container elementor-column-gap-default\">\n\t\t\t\t\t<div class=\"elementor-column elementor-col-50 elementor-top-column elementor-element elementor-element-225c584c\" data-id=\"225c584c\" data-element_type=\"column\" data-settings=\"{&quot;background_background&quot;:&quot;classic&quot;}\">\n\t\t\t<div class=\"elementor-widget-wrap elementor-element-populated\">\n\t\t\t\t\t\t<div class=\"elementor-element elementor-element-45b89fe5 elementor-widget elementor-widget-elementskit-heading\" data-id=\"45b89fe5\" data-element_type=\"widget\" data-widget_type=\"elementskit-heading.default\">\n\t\t\t\t<div class=\"elementor-widget-container\">\n\t\t\t\t\t<div class=\"ekit-wid-con\" ><div class=\"ekit-heading elementskit-section-title-wraper text_right   ekit_heading_tablet-   ekit_heading_mobile-text_left\"><h2 class=\"ekit-heading--title elementskit-section-title\">Accounting<\/h2><div class=\"ekit_heading_separetor_wraper ekit_heading_elementskit-border-divider\"><div class=\"elementskit-border-divider\"><\/div><\/div><\/div><\/div>\t\t\t\t<\/div>\n\t\t\t\t<\/div>\n\t\t\t\t\t<\/div>\n\t\t<\/div>\n\t\t\t\t<div class=\"elementor-column elementor-col-50 elementor-top-column elementor-element elementor-element-baf2040\" data-id=\"baf2040\" data-element_type=\"column\" data-settings=\"{&quot;background_background&quot;:&quot;classic&quot;}\">\n\t\t\t<div class=\"elementor-widget-wrap elementor-element-populated\">\n\t\t\t\t\t\t<div class=\"elementor-element elementor-element-27c375bc elementor-widget elementor-widget-spacer\" data-id=\"27c375bc\" data-element_type=\"widget\" data-widget_type=\"spacer.default\">\n\t\t\t\t<div class=\"elementor-widget-container\">\n\t\t\t\t\t\t\t<div class=\"elementor-spacer\">\n\t\t\t<div class=\"elementor-spacer-inner\"><\/div>\n\t\t<\/div>\n\t\t\t\t\t\t<\/div>\n\t\t\t\t<\/div>\n\t\t\t\t\t<\/div>\n\t\t<\/div>\n\t\t\t\t\t<\/div>\n\t\t<\/section>\n\t\t\t\t<section class=\"elementor-section elementor-top-section elementor-element elementor-element-58ab613 elementor-section-boxed elementor-section-height-default elementor-section-height-default\" data-id=\"58ab613\" data-element_type=\"section\" data-settings=\"{&quot;_ha_eqh_enable&quot;:false}\">\n\t\t\t\t\t\t<div class=\"elementor-container elementor-column-gap-default\">\n\t\t\t\t\t<div class=\"elementor-column elementor-col-100 elementor-top-column elementor-element elementor-element-4ceceda\" data-id=\"4ceceda\" data-element_type=\"column\">\n\t\t\t<div class=\"elementor-widget-wrap elementor-element-populated\">\n\t\t\t\t\t\t<div class=\"elementor-element elementor-element-cef1b0c elementor-widget elementor-widget-heading\" data-id=\"cef1b0c\" data-element_type=\"widget\" data-widget_type=\"heading.default\">\n\t\t\t\t<div class=\"elementor-widget-container\">\n\t\t\t\t\t<h2 class=\"elementor-heading-title elementor-size-default\">OUR ACCOUNTING SERVICES INCLUDE:<\/h2>\t\t\t\t<\/div>\n\t\t\t\t<\/div>\n\t\t\t\t<section class=\"elementor-section elementor-inner-section elementor-element elementor-element-cd0e583 elementor-section-boxed elementor-section-height-default elementor-section-height-default\" data-id=\"cd0e583\" data-element_type=\"section\" data-settings=\"{&quot;_ha_eqh_enable&quot;:false}\">\n\t\t\t\t\t\t<div class=\"elementor-container elementor-column-gap-default\">\n\t\t\t\t\t<div class=\"elementor-column elementor-col-50 elementor-inner-column elementor-element elementor-element-a011708\" data-id=\"a011708\" data-element_type=\"column\">\n\t\t\t<div class=\"elementor-widget-wrap elementor-element-populated\">\n\t\t\t\t\t\t<div class=\"elementor-element elementor-element-057af3f elementor-widget elementor-widget-image\" data-id=\"057af3f\" data-element_type=\"widget\" data-widget_type=\"image.default\">\n\t\t\t\t<div class=\"elementor-widget-container\">\n\t\t\t\t\t\t\t\t\t\t\t\t\t\t\t<img fetchpriority=\"high\" decoding=\"async\" width=\"1024\" height=\"495\" src=\"https:\/\/acl.com.ec\/wp-content\/uploads\/2021\/04\/SERVICIO-DE-CONTABILIDAD-1024x495.jpg\" class=\"attachment-large size-large wp-image-28136\" alt=\"SERVICIO DE CONTABILIDAD\" srcset=\"https:\/\/acl.com.ec\/wp-content\/uploads\/2021\/04\/SERVICIO-DE-CONTABILIDAD-1024x495.jpg 1024w, https:\/\/acl.com.ec\/wp-content\/uploads\/2021\/04\/SERVICIO-DE-CONTABILIDAD-300x145.jpg 300w, https:\/\/acl.com.ec\/wp-content\/uploads\/2021\/04\/SERVICIO-DE-CONTABILIDAD-768x372.jpg 768w, https:\/\/acl.com.ec\/wp-content\/uploads\/2021\/04\/SERVICIO-DE-CONTABILIDAD-20x10.jpg 20w, https:\/\/acl.com.ec\/wp-content\/uploads\/2021\/04\/SERVICIO-DE-CONTABILIDAD.jpg 1240w\" sizes=\"(max-width: 1024px) 100vw, 1024px\" \/>\t\t\t\t\t\t\t\t\t\t\t\t\t\t\t<\/div>\n\t\t\t\t<\/div>\n\t\t\t\t\t<\/div>\n\t\t<\/div>\n\t\t\t\t<div class=\"elementor-column elementor-col-50 elementor-inner-column elementor-element elementor-element-f80ee7d\" data-id=\"f80ee7d\" data-element_type=\"column\">\n\t\t\t<div class=\"elementor-widget-wrap elementor-element-populated\">\n\t\t\t\t\t\t<div class=\"elementor-element elementor-element-98c304f elementor-widget elementor-widget-text-editor\" data-id=\"98c304f\" data-element_type=\"widget\" data-widget_type=\"text-editor.default\">\n\t\t\t\t<div class=\"elementor-widget-container\">\n\t\t\t\t\t\t\t\t\t<div class=\"gem-list gem-list-type-check-style-2 gem-list-color-3\"><ul><li class=\"direction-ltr align-start ql-indent-1 list-marker-udisc para-style-body\">Outsourcing or accounting supervision<\/li><li>Generating and Closing Financial Statements and Explanatory Notes<\/li><li>Implementation of <a href=\"https:\/\/economipedia.com\/definiciones\/normas-internacionales-informacion-financiera-niif-ifrs.html\" rel=\"noopener\" target=\"_blank\">International Financial Reporting Standards (IFRS)<\/a><\/li><li>Consolidation of Financial Statements with application of International Financial Reporting Standards<\/li><li>Asset control, survey and tagging<\/li><li>Accounting, labor and corporate advisory services<\/li><li>Payroll and personnel management<\/li><\/ul><\/div><div class=\"wpb_text_column wpb_content_element\"><div class=\"wpb_wrapper\"><p>If you are interested in detailed information about our firm, please click <a href=\"https:\/\/acl.com.ec\/en\/nuestra-firma\/\" target=\"_blank\" rel=\"noopener\">here.<\/a><\/p><\/div><\/div>\t\t\t\t\t\t\t\t<\/div>\n\t\t\t\t<\/div>\n\t\t\t\t\t<\/div>\n\t\t<\/div>\n\t\t\t\t\t<\/div>\n\t\t<\/section>\n\t\t\t\t\t<\/div>\n\t\t<\/div>\n\t\t\t\t\t<\/div>\n\t\t<\/section>\n\t\t\t\t<section class=\"elementor-section elementor-top-section elementor-element elementor-element-27df48d elementor-section-boxed elementor-section-height-default elementor-section-height-default\" data-id=\"27df48d\" data-element_type=\"section\" data-settings=\"{&quot;_ha_eqh_enable&quot;:false}\">\n\t\t\t\t\t\t<div class=\"elementor-container elementor-column-gap-default\">\n\t\t\t\t\t<div class=\"elementor-column elementor-col-50 elementor-top-column elementor-element elementor-element-1b9c631\" data-id=\"1b9c631\" data-element_type=\"column\">\n\t\t\t<div class=\"elementor-widget-wrap elementor-element-populated\">\n\t\t\t\t\t\t<div class=\"elementor-element elementor-element-522785c elementor-align-center elementor-invisible elementor-widget elementor-widget-elementskit-button\" data-id=\"522785c\" data-element_type=\"widget\" data-settings=\"{&quot;_animation&quot;:&quot;fadeIn&quot;}\" data-widget_type=\"elementskit-button.default\">\n\t\t\t\t<div class=\"elementor-widget-container\">\n\t\t\t\t\t<div class=\"ekit-wid-con\" >\t\t<div class=\"ekit-btn-wraper\">\n\t\t\t\t\t\t\t<a href=\"https:\/\/acl.com.ec\/en\/nuestra-firma\/\" target=\"_blank\" class=\"elementskit-btn  whitespace--normal\" id=\"\">\n\t\t\t\t\tMeet Our Firm\t\t\t\t<\/a>\n\t\t\t\t\t<\/div>\n        <\/div>\t\t\t\t<\/div>\n\t\t\t\t<\/div>\n\t\t\t\t\t<\/div>\n\t\t<\/div>\n\t\t\t\t<div class=\"elementor-column elementor-col-50 elementor-top-column elementor-element elementor-element-780c33a\" data-id=\"780c33a\" data-element_type=\"column\">\n\t\t\t<div class=\"elementor-widget-wrap elementor-element-populated\">\n\t\t\t\t\t\t<div class=\"elementor-element elementor-element-412beec9 elementor-align-center elementor-invisible elementor-widget elementor-widget-elementskit-button\" data-id=\"412beec9\" data-element_type=\"widget\" data-settings=\"{&quot;_animation&quot;:&quot;fadeIn&quot;}\" data-widget_type=\"elementskit-button.default\">\n\t\t\t\t<div class=\"elementor-widget-container\">\n\t\t\t\t\t<div class=\"ekit-wid-con\" >\t\t<div class=\"ekit-btn-wraper\">\n\t\t\t\t\t\t\t<a href=\"https:\/\/api.whatsapp.com\/send?phone=593997349372&amp;text=EstoyinteresadoenlosserviciosdeACL\" target=\"_blank\" class=\"elementskit-btn  whitespace--normal\" id=\"\" rel=\"noopener\">\n\t\t\t\t\tQuote with us\t\t\t\t<\/a>\n\t\t\t\t\t<\/div>\n        <\/div>\t\t\t\t<\/div>\n\t\t\t\t<\/div>\n\t\t\t\t\t<\/div>\n\t\t<\/div>\n\t\t\t\t\t<\/div>\n\t\t<\/section>\n\t\t\t\t<\/div>","protected":false},"excerpt":{"rendered":"<p>Contabilidad NUESTROS SERVICIOS DE CONTABILIDAD COMPRENDEN: Outsourcing o supervisi\u00f3n contable Generaci\u00f3n y Cierre de Estados Financieros, y Notas Explicativas Implementaci\u00f3n de Normas Internacionales de Informaci\u00f3n Financiera (NIIF) Consolidaci\u00f3n de Estados Financieros con aplicaci\u00f3n de las Normas Internacionales de Informaci\u00f3n Financiera Control, levantamiento y plaqueo de activos Asesor\u00eda contable, laboral y societaria Manejo de n\u00f3mina y [&hellip;]<\/p>","protected":false},"author":4,"featured_media":0,"parent":0,"menu_order":0,"comment_status":"closed","ping_status":"closed","template":"","meta":{"site-sidebar-layout":"no-sidebar","site-content-layout":"page-builder","ast-site-content-layout":"","site-content-style":"default","site-sidebar-style":"default","ast-global-header-display":"","ast-banner-title-visibility":"","ast-main-header-display":"","ast-hfb-above-header-display":"","ast-hfb-below-header-display":"","ast-hfb-mobile-header-display":"","site-post-title":"disabled","ast-breadcrumbs-content":"","ast-featured-img":"disabled","footer-sml-layout":"","theme-transparent-header-meta":"","adv-header-id-meta":"","stick-header-meta":"","header-above-stick-meta":"","header-main-stick-meta":"","header-below-stick-meta":"","astra-migrate-meta-layouts":"default","ast-page-background-enabled":"default","ast-page-background-meta":{"desktop":{"background-color":"var(--ast-global-color-4)","background-image":"","background-repeat":"repeat","background-position":"center center","background-size":"auto","background-attachment":"scroll","background-type":"","background-media":"","overlay-type":"","overlay-color":"","overlay-opacity":"","overlay-gradient":""},"tablet":{"background-color":"","background-image":"","background-repeat":"repeat","background-position":"center center","background-size":"auto","background-attachment":"scroll","background-type":"","background-media":"","overlay-type":"","overlay-color":"","overlay-opacity":"","overlay-gradient":""},"mobile":{"background-color":"","background-image":"","background-repeat":"repeat","background-position":"center center","background-size":"auto","background-attachment":"scroll","background-type":"","background-media":"","overlay-type":"","overlay-color":"","overlay-opacity":"","overlay-gradient":""}},"ast-content-background-meta":{"desktop":{"background-color":"var(--ast-global-color-5)","background-image":"","background-repeat":"repeat","background-position":"center center","background-size":"auto","background-attachment":"scroll","background-type":"","background-media":"","overlay-type":"","overlay-color":"","overlay-opacity":"","overlay-gradient":""},"tablet":{"background-color":"var(--ast-global-color-5)","background-image":"","background-repeat":"repeat","background-position":"center center","background-size":"auto","background-attachment":"scroll","background-type":"","background-media":"","overlay-type":"","overlay-color":"","overlay-opacity":"","overlay-gradient":""},"mobile":{"background-color":"var(--ast-global-color-5)","background-image":"","background-repeat":"repeat","background-position":"center center","background-size":"auto","background-attachment":"scroll","background-type":"","background-media":"","overlay-type":"","overlay-color":"","overlay-opacity":"","overlay-gradient":""}},"_joinchat":[],"footnotes":""},"class_list":["post-29552","page","type-page","status-publish","hentry"],"_links":{"self":[{"href":"https:\/\/acl.com.ec\/en\/wp-json\/wp\/v2\/pages\/29552","targetHints":{"allow":["GET"]}}],"collection":[{"href":"https:\/\/acl.com.ec\/en\/wp-json\/wp\/v2\/pages"}],"about":[{"href":"https:\/\/acl.com.ec\/en\/wp-json\/wp\/v2\/types\/page"}],"author":[{"embeddable":true,"href":"https:\/\/acl.com.ec\/en\/wp-json\/wp\/v2\/users\/4"}],"replies":[{"embeddable":true,"href":"https:\/\/acl.com.ec\/en\/wp-json\/wp\/v2\/comments?post=29552"}],"version-history":[{"count":49,"href":"https:\/\/acl.com.ec\/en\/wp-json\/wp\/v2\/pages\/29552\/revisions"}],"predecessor-version":[{"id":30981,"href":"https:\/\/acl.com.ec\/en\/wp-json\/wp\/v2\/pages\/29552\/revisions\/30981"}],"wp:attachment":[{"href":"https:\/\/acl.com.ec\/en\/wp-json\/wp\/v2\/media?parent=29552"}],"curies":[{"name":"wp","href":"https:\/\/api.w.org\/{rel}","templated":true}]}}