{"id":29529,"date":"2021-11-08T20:11:21","date_gmt":"2021-11-08T20:11:21","guid":{"rendered":"https:\/\/acl.com.ec\/?page_id=29529"},"modified":"2023-05-18T16:39:26","modified_gmt":"2023-05-18T21:39:26","slug":"empleos","status":"publish","type":"page","link":"https:\/\/acl.com.ec\/en\/empleos\/","title":{"rendered":"Work with Us"},"content":{"rendered":"<div data-elementor-type=\"wp-page\" data-elementor-id=\"29529\" class=\"elementor elementor-29529\" data-elementor-settings=\"{&quot;ha_cmc_init_switcher&quot;:&quot;no&quot;}\" data-elementor-post-type=\"page\">\n\t\t\t\t\t\t<section class=\"elementor-section elementor-top-section elementor-element elementor-element-a0212ef elementor-section-full_width elementor-section-height-default elementor-section-height-default\" data-id=\"a0212ef\" data-element_type=\"section\" data-settings=\"{&quot;_ha_eqh_enable&quot;:false}\">\n\t\t\t\t\t\t<div class=\"elementor-container elementor-column-gap-default\">\n\t\t\t\t\t<div class=\"elementor-column elementor-col-50 elementor-top-column elementor-element elementor-element-4362e7c7\" data-id=\"4362e7c7\" data-element_type=\"column\" data-settings=\"{&quot;background_background&quot;:&quot;classic&quot;}\">\n\t\t\t<div class=\"elementor-widget-wrap elementor-element-populated\">\n\t\t\t\t\t\t<div class=\"elementor-element elementor-element-92091b0 elementor-widget elementor-widget-elementskit-heading\" data-id=\"92091b0\" data-element_type=\"widget\" data-widget_type=\"elementskit-heading.default\">\n\t\t\t\t<div class=\"elementor-widget-container\">\n\t\t\t\t\t<div class=\"ekit-wid-con\" ><div class=\"ekit-heading elementskit-section-title-wraper text_right   ekit_heading_tablet-   ekit_heading_mobile-text_left\"><h2 class=\"ekit-heading--title elementskit-section-title\">Jobs in Ecuador<\/h2><div class=\"ekit_heading_separetor_wraper ekit_heading_elementskit-border-divider\"><div class=\"elementskit-border-divider\"><\/div><\/div><\/div><\/div>\t\t\t\t<\/div>\n\t\t\t\t<\/div>\n\t\t\t\t\t<\/div>\n\t\t<\/div>\n\t\t\t\t<div class=\"elementor-column elementor-col-50 elementor-top-column elementor-element elementor-element-1c80f373\" data-id=\"1c80f373\" data-element_type=\"column\" data-settings=\"{&quot;background_background&quot;:&quot;classic&quot;}\">\n\t\t\t<div class=\"elementor-widget-wrap elementor-element-populated\">\n\t\t\t\t\t\t<div class=\"elementor-element elementor-element-271d63a9 elementor-widget elementor-widget-spacer\" data-id=\"271d63a9\" data-element_type=\"widget\" data-widget_type=\"spacer.default\">\n\t\t\t\t<div class=\"elementor-widget-container\">\n\t\t\t\t\t\t\t<div class=\"elementor-spacer\">\n\t\t\t<div class=\"elementor-spacer-inner\"><\/div>\n\t\t<\/div>\n\t\t\t\t\t\t<\/div>\n\t\t\t\t<\/div>\n\t\t\t\t\t<\/div>\n\t\t<\/div>\n\t\t\t\t\t<\/div>\n\t\t<\/section>\n\t\t\t\t<section class=\"elementor-section elementor-top-section elementor-element elementor-element-5b08927 elementor-section-boxed elementor-section-height-default elementor-section-height-default\" data-id=\"5b08927\" data-element_type=\"section\" data-settings=\"{&quot;_ha_eqh_enable&quot;:false}\">\n\t\t\t\t\t\t<div class=\"elementor-container elementor-column-gap-default\">\n\t\t\t\t\t<div class=\"elementor-column elementor-col-100 elementor-top-column elementor-element elementor-element-5be5bf4\" data-id=\"5be5bf4\" data-element_type=\"column\">\n\t\t\t<div class=\"elementor-widget-wrap elementor-element-populated\">\n\t\t\t\t\t\t<div class=\"elementor-element elementor-element-46d7507 elementor-widget elementor-widget-heading\" data-id=\"46d7507\" data-element_type=\"widget\" data-widget_type=\"heading.default\">\n\t\t\t\t<div class=\"elementor-widget-container\">\n\t\t\t\t\t<h2 class=\"elementor-heading-title elementor-size-default\">Be part of our team, we are looking for:<\/h2>\t\t\t\t<\/div>\n\t\t\t\t<\/div>\n\t\t\t\t\t<\/div>\n\t\t<\/div>\n\t\t\t\t\t<\/div>\n\t\t<\/section>\n\t\t\t\t<section class=\"elementor-section elementor-top-section elementor-element elementor-element-2c7a96de elementor-section-boxed elementor-section-height-default elementor-section-height-default\" data-id=\"2c7a96de\" data-element_type=\"section\" data-settings=\"{&quot;_ha_eqh_enable&quot;:false}\">\n\t\t\t\t\t\t<div class=\"elementor-container elementor-column-gap-extended\">\n\t\t\t\t\t<div class=\"elementor-column elementor-col-50 elementor-top-column elementor-element elementor-element-3d5efe67\" data-id=\"3d5efe67\" data-element_type=\"column\">\n\t\t\t<div class=\"elementor-widget-wrap elementor-element-populated\">\n\t\t\t\t\t\t<div class=\"elementor-element elementor-element-2dc9c6e elementor-widget elementor-widget-image\" data-id=\"2dc9c6e\" data-element_type=\"widget\" data-widget_type=\"image.default\">\n\t\t\t\t<div class=\"elementor-widget-container\">\n\t\t\t\t\t\t\t\t\t\t\t\t\t\t\t<img fetchpriority=\"high\" decoding=\"async\" width=\"940\" height=\"788\" src=\"https:\/\/acl.com.ec\/wp-content\/uploads\/2021\/08\/SUPERVISOR-DE-AUDITORIA-ECUADOR.jpeg\" class=\"attachment-large size-large wp-image-28737\" alt=\"EMPLEOS: SUPERVISOR DE AUDITOR\u00cdA ECUADOR\" srcset=\"https:\/\/acl.com.ec\/wp-content\/uploads\/2021\/08\/SUPERVISOR-DE-AUDITORIA-ECUADOR.jpeg 940w, https:\/\/acl.com.ec\/wp-content\/uploads\/2021\/08\/SUPERVISOR-DE-AUDITORIA-ECUADOR-300x251.jpeg 300w, https:\/\/acl.com.ec\/wp-content\/uploads\/2021\/08\/SUPERVISOR-DE-AUDITORIA-ECUADOR-768x644.jpeg 768w, https:\/\/acl.com.ec\/wp-content\/uploads\/2021\/08\/SUPERVISOR-DE-AUDITORIA-ECUADOR-20x17.jpeg 20w\" sizes=\"(max-width: 940px) 100vw, 940px\" \/>\t\t\t\t\t\t\t\t\t\t\t\t\t\t\t<\/div>\n\t\t\t\t<\/div>\n\t\t\t\t<div class=\"elementor-element elementor-element-94641fd elementor-widget elementor-widget-heading\" data-id=\"94641fd\" data-element_type=\"widget\" data-widget_type=\"heading.default\">\n\t\t\t\t<div class=\"elementor-widget-container\">\n\t\t\t\t\t<h2 class=\"elementor-heading-title elementor-size-default\">AUDIT SUPERVISOR<\/h2>\t\t\t\t<\/div>\n\t\t\t\t<\/div>\n\t\t\t\t<div class=\"elementor-element elementor-element-324c089 elementor-widget elementor-widget-text-editor\" data-id=\"324c089\" data-element_type=\"widget\" data-widget_type=\"text-editor.default\">\n\t\t\t\t<div class=\"elementor-widget-container\">\n\t\t\t\t\t\t\t\t\t<p><span style=\"color: #000000;\">Requirements:<\/span><\/p><ul><li><span style=\"color: #000000;\">Third level degree in Accounting and Auditing or related field<\/span><\/li><li><span style=\"color: #000000;\">Team work, under objectives<\/span><\/li><li><span style=\"color: #000000;\">Microsoft Office skills<\/span><\/li><li><span style=\"color: #000000;\">Minimum 3 years of experience in similar positions<\/span><\/li><li><span style=\"color: #000000;\">Immediate availability of time<\/span><\/li><li><span style=\"color: #000000;\">To reside in the city of Quito<\/span><\/li><\/ul>\t\t\t\t\t\t\t\t<\/div>\n\t\t\t\t<\/div>\n\t\t\t\t<div class=\"elementor-element elementor-element-49891bf elementor-widget elementor-widget-image\" data-id=\"49891bf\" data-element_type=\"widget\" data-widget_type=\"image.default\">\n\t\t\t\t<div class=\"elementor-widget-container\">\n\t\t\t\t\t\t\t\t\t\t\t\t\t\t\t<img decoding=\"async\" width=\"940\" height=\"788\" src=\"https:\/\/acl.com.ec\/wp-content\/uploads\/2022\/04\/Estamos-Buscando-Semi-Seniors-de-Auditoria.jpg\" class=\"attachment-large size-large wp-image-32455\" alt=\"\" srcset=\"https:\/\/acl.com.ec\/wp-content\/uploads\/2022\/04\/Estamos-Buscando-Semi-Seniors-de-Auditoria.jpg 940w, https:\/\/acl.com.ec\/wp-content\/uploads\/2022\/04\/Estamos-Buscando-Semi-Seniors-de-Auditoria-300x251.jpg 300w, https:\/\/acl.com.ec\/wp-content\/uploads\/2022\/04\/Estamos-Buscando-Semi-Seniors-de-Auditoria-768x644.jpg 768w, https:\/\/acl.com.ec\/wp-content\/uploads\/2022\/04\/Estamos-Buscando-Semi-Seniors-de-Auditoria-20x17.jpg 20w\" sizes=\"(max-width: 940px) 100vw, 940px\" \/>\t\t\t\t\t\t\t\t\t\t\t\t\t\t\t<\/div>\n\t\t\t\t<\/div>\n\t\t\t\t<div class=\"elementor-element elementor-element-102b1ee elementor-widget elementor-widget-heading\" data-id=\"102b1ee\" data-element_type=\"widget\" data-widget_type=\"heading.default\">\n\t\t\t\t<div class=\"elementor-widget-container\">\n\t\t\t\t\t<h2 class=\"elementor-heading-title elementor-size-default\">SEMI SENIOR AUDIT<\/h2>\t\t\t\t<\/div>\n\t\t\t\t<\/div>\n\t\t\t\t<div class=\"elementor-element elementor-element-0c0a56a elementor-widget elementor-widget-text-editor\" data-id=\"0c0a56a\" data-element_type=\"widget\" data-widget_type=\"text-editor.default\">\n\t\t\t\t<div class=\"elementor-widget-container\">\n\t\t\t\t\t\t\t\t\t<p><span style=\"color: #000000;\">Requirements:<\/span><\/p><ul><li><span style=\"color: #000000;\">Third level degree in Accounting and Auditing or related field<\/span><\/li><li><span style=\"color: #000000;\">Team work, under objectives<\/span><\/li><li><span style=\"color: #000000;\">Microsoft Office skills<\/span><\/li><li><span style=\"color: #000000;\">Minimum 2 years of experience in similar positions<\/span><\/li><li><span style=\"color: #000000;\">Immediate availability of time<\/span><\/li><li><span style=\"color: #000000;\">To reside in the city of Quito<\/span><\/li><\/ul>\t\t\t\t\t\t\t\t<\/div>\n\t\t\t\t<\/div>\n\t\t\t\t\t<\/div>\n\t\t<\/div>\n\t\t\t\t<div class=\"elementor-column elementor-col-50 elementor-top-column elementor-element elementor-element-74964ce6\" data-id=\"74964ce6\" data-element_type=\"column\">\n\t\t\t<div class=\"elementor-widget-wrap elementor-element-populated\">\n\t\t\t\t\t\t<div class=\"elementor-element elementor-element-158eda2 elementor-widget elementor-widget-image\" data-id=\"158eda2\" data-element_type=\"widget\" data-widget_type=\"image.default\">\n\t\t\t\t<div class=\"elementor-widget-container\">\n\t\t\t\t\t\t\t\t\t\t\t\t\t\t\t<img decoding=\"async\" width=\"940\" height=\"788\" src=\"https:\/\/acl.com.ec\/wp-content\/uploads\/2021\/08\/SENIORS-DE-AUDITORIA-ECUADOR.jpeg\" class=\"attachment-large size-large wp-image-28738\" alt=\"EMPLEO: SENIORS DE AUDITORIA ECUADOR\" srcset=\"https:\/\/acl.com.ec\/wp-content\/uploads\/2021\/08\/SENIORS-DE-AUDITORIA-ECUADOR.jpeg 940w, https:\/\/acl.com.ec\/wp-content\/uploads\/2021\/08\/SENIORS-DE-AUDITORIA-ECUADOR-300x251.jpeg 300w, https:\/\/acl.com.ec\/wp-content\/uploads\/2021\/08\/SENIORS-DE-AUDITORIA-ECUADOR-768x644.jpeg 768w, https:\/\/acl.com.ec\/wp-content\/uploads\/2021\/08\/SENIORS-DE-AUDITORIA-ECUADOR-20x17.jpeg 20w\" sizes=\"(max-width: 940px) 100vw, 940px\" \/>\t\t\t\t\t\t\t\t\t\t\t\t\t\t\t<\/div>\n\t\t\t\t<\/div>\n\t\t\t\t<div class=\"elementor-element elementor-element-9258b72 elementor-widget elementor-widget-heading\" data-id=\"9258b72\" data-element_type=\"widget\" data-widget_type=\"heading.default\">\n\t\t\t\t<div class=\"elementor-widget-container\">\n\t\t\t\t\t<h2 class=\"elementor-heading-title elementor-size-default\">AUDIT SENIORS<\/h2>\t\t\t\t<\/div>\n\t\t\t\t<\/div>\n\t\t\t\t<div class=\"elementor-element elementor-element-309697f elementor-widget elementor-widget-text-editor\" data-id=\"309697f\" data-element_type=\"widget\" data-widget_type=\"text-editor.default\">\n\t\t\t\t<div class=\"elementor-widget-container\">\n\t\t\t\t\t\t\t\t\t<p><span style=\"color: #000000;\">Requirements:<\/span><\/p><ul><li><span style=\"color: #000000;\">Third level degree in Accounting and Auditing or related field<\/span><\/li><li><span style=\"color: #000000;\">Team work, under objectives<\/span><\/li><li><span style=\"color: #000000;\">Microsoft Office skills<\/span><\/li><li><span style=\"color: #000000;\">Minimum 2 years of experience in similar positions<\/span><\/li><li><span style=\"color: #000000;\">Immediate availability of time<\/span><\/li><li><span style=\"color: #000000;\">To reside in the city of Quito<\/span><\/li><\/ul>\t\t\t\t\t\t\t\t<\/div>\n\t\t\t\t<\/div>\n\t\t\t\t\t<\/div>\n\t\t<\/div>\n\t\t\t\t\t<\/div>\n\t\t<\/section>\n\t\t\t\t<section class=\"elementor-section elementor-top-section elementor-element elementor-element-2503524 elementor-section-boxed elementor-section-height-default elementor-section-height-default\" data-id=\"2503524\" data-element_type=\"section\" data-settings=\"{&quot;_ha_eqh_enable&quot;:false}\">\n\t\t\t\t\t\t<div class=\"elementor-container elementor-column-gap-default\">\n\t\t\t\t\t<div class=\"elementor-column elementor-col-100 elementor-top-column elementor-element elementor-element-f4603f1\" data-id=\"f4603f1\" data-element_type=\"column\">\n\t\t\t<div class=\"elementor-widget-wrap elementor-element-populated\">\n\t\t\t\t\t\t<div class=\"elementor-element elementor-element-65178a2 elementor-widget elementor-widget-spacer\" data-id=\"65178a2\" data-element_type=\"widget\" data-widget_type=\"spacer.default\">\n\t\t\t\t<div class=\"elementor-widget-container\">\n\t\t\t\t\t\t\t<div class=\"elementor-spacer\">\n\t\t\t<div class=\"elementor-spacer-inner\"><\/div>\n\t\t<\/div>\n\t\t\t\t\t\t<\/div>\n\t\t\t\t<\/div>\n\t\t\t\t\t<\/div>\n\t\t<\/div>\n\t\t\t\t\t<\/div>\n\t\t<\/section>\n\t\t\t\t<section class=\"elementor-section elementor-top-section elementor-element elementor-element-cef2690 elementor-section-boxed elementor-section-height-default elementor-section-height-default\" data-id=\"cef2690\" data-element_type=\"section\" data-settings=\"{&quot;_ha_eqh_enable&quot;:false}\">\n\t\t\t\t\t\t<div class=\"elementor-container elementor-column-gap-default\">\n\t\t\t\t\t<div class=\"elementor-column elementor-col-16 elementor-top-column elementor-element elementor-element-37953d6\" data-id=\"37953d6\" data-element_type=\"column\">\n\t\t\t<div class=\"elementor-widget-wrap\">\n\t\t\t\t\t\t\t<\/div>\n\t\t<\/div>\n\t\t\t\t<div class=\"elementor-column elementor-col-66 elementor-top-column elementor-element elementor-element-fcfcda0\" data-id=\"fcfcda0\" data-element_type=\"column\">\n\t\t\t<div class=\"elementor-widget-wrap elementor-element-populated\">\n\t\t\t\t\t\t<div class=\"elementor-element elementor-element-3eccfd8 elementor-widget elementor-widget-heading\" data-id=\"3eccfd8\" data-element_type=\"widget\" data-widget_type=\"heading.default\">\n\t\t\t\t<div class=\"elementor-widget-container\">\n\t\t\t\t\t<h2 class=\"elementor-heading-title elementor-size-default\">Send us your resume<\/h2>\t\t\t\t<\/div>\n\t\t\t\t<\/div>\n\t\t\t\t\t<\/div>\n\t\t<\/div>\n\t\t\t\t<div class=\"elementor-column elementor-col-16 elementor-top-column elementor-element elementor-element-94fd34b\" data-id=\"94fd34b\" data-element_type=\"column\">\n\t\t\t<div class=\"elementor-widget-wrap\">\n\t\t\t\t\t\t\t<\/div>\n\t\t<\/div>\n\t\t\t\t\t<\/div>\n\t\t<\/section>\n\t\t\t\t<section class=\"elementor-section elementor-top-section elementor-element elementor-element-adffeee elementor-section-boxed elementor-section-height-default elementor-section-height-default\" data-id=\"adffeee\" data-element_type=\"section\" data-settings=\"{&quot;_ha_eqh_enable&quot;:false}\">\n\t\t\t\t\t\t<div class=\"elementor-container elementor-column-gap-default\">\n\t\t\t\t\t<div class=\"elementor-column elementor-col-16 elementor-top-column elementor-element elementor-element-b19f335\" data-id=\"b19f335\" data-element_type=\"column\">\n\t\t\t<div class=\"elementor-widget-wrap\">\n\t\t\t\t\t\t\t<\/div>\n\t\t<\/div>\n\t\t\t\t<div class=\"elementor-column elementor-col-66 elementor-top-column elementor-element elementor-element-cdf067a\" data-id=\"cdf067a\" data-element_type=\"column\">\n\t\t\t<div class=\"elementor-widget-wrap elementor-element-populated\">\n\t\t\t\t\t\t<div class=\"elementor-element elementor-element-58aa804 elementor-button-align-center elementor-widget elementor-widget-form\" data-id=\"58aa804\" data-element_type=\"widget\" data-settings=\"{&quot;step_next_label&quot;:&quot;Next&quot;,&quot;step_previous_label&quot;:&quot;Previous&quot;,&quot;button_width&quot;:&quot;100&quot;,&quot;step_type&quot;:&quot;number_text&quot;,&quot;step_icon_shape&quot;:&quot;circle&quot;}\" data-widget_type=\"form.default\">\n\t\t\t\t<div class=\"elementor-widget-container\">\n\t\t\t\t\t\t\t<form class=\"elementor-form\" method=\"post\" name=\"Form. Pag Trabaja con nosotros\" action=\"\">\n\t\t\t<input type=\"hidden\" name=\"post_id\" value=\"29529\"\/>\n\t\t\t<input type=\"hidden\" name=\"form_id\" value=\"58aa804\"\/>\n\t\t\t<input type=\"hidden\" name=\"referer_title\" value=\"Trabaja Con Nosotros - Empleos en Auditor\u00eda y consultor\u00eda\" \/>\n\n\t\t\t\t\t\t\t<input type=\"hidden\" name=\"queried_id\" value=\"29529\"\/>\n\t\t\t\n\t\t\t<div class=\"elementor-form-fields-wrapper elementor-labels-above\">\n\t\t\t\t\t\t\t\t<div class=\"elementor-field-type-text elementor-field-group elementor-column elementor-field-group-field_143e702 elementor-col-100 elementor-field-required elementor-mark-required\">\n\t\t\t\t\t\t\t\t\t\t\t\t<label for=\"form-field-field_143e702\" class=\"elementor-field-label\">\n\t\t\t\t\t\t\t\tFirst and Last Name\t\t\t\t\t\t\t<\/label>\n\t\t\t\t\t\t\t\t\t\t\t\t\t\t<input size=\"1\" type=\"text\" name=\"form_fields[field_143e702]\" id=\"form-field-field_143e702\" class=\"elementor-field elementor-size-xs  elementor-field-textual\" placeholder=\"First and Last Name\" required=\"required\">\n\t\t\t\t\t\t\t\t\t\t\t<\/div>\n\t\t\t\t\t\t\t\t<div class=\"elementor-field-type-number elementor-field-group elementor-column elementor-field-group-field_dcfc838 elementor-col-100 elementor-field-required elementor-mark-required\">\n\t\t\t\t\t\t\t\t\t\t\t\t<label for=\"form-field-field_dcfc838\" class=\"elementor-field-label\">\n\t\t\t\t\t\t\t\tTelephone\t\t\t\t\t\t\t<\/label>\n\t\t\t\t\t\t\t\t\t<input type=\"number\" name=\"form_fields[field_dcfc838]\" id=\"form-field-field_dcfc838\" class=\"elementor-field elementor-size-xs  elementor-field-textual\" placeholder=\"Contact Number\" required=\"required\" min=\"\" max=\"\" >\n\t\t\t\t\t\t<\/div>\n\t\t\t\t\t\t\t\t<div class=\"elementor-field-type-email elementor-field-group elementor-column elementor-field-group-email elementor-col-100 elementor-field-required elementor-mark-required\">\n\t\t\t\t\t\t\t\t\t\t\t\t<label for=\"form-field-email\" class=\"elementor-field-label\">\n\t\t\t\t\t\t\t\tEmail\t\t\t\t\t\t\t<\/label>\n\t\t\t\t\t\t\t\t\t\t\t\t\t\t<input size=\"1\" type=\"email\" name=\"form_fields[email]\" id=\"form-field-email\" class=\"elementor-field elementor-size-xs  elementor-field-textual\" placeholder=\"Email\" required=\"required\">\n\t\t\t\t\t\t\t\t\t\t\t<\/div>\n\t\t\t\t\t\t\t\t<div class=\"elementor-field-type-checkbox elementor-field-group elementor-column elementor-field-group-field_cace124 elementor-col-100\">\n\t\t\t\t\t\t\t\t\t\t\t\t<label for=\"form-field-field_cace124\" class=\"elementor-field-label\">\n\t\t\t\t\t\t\t\tPosition\t\t\t\t\t\t\t<\/label>\n\t\t\t\t\t\t<div class=\"elementor-field-subgroup\"><span class=\"elementor-field-option\"><input type=\"checkbox\" value=\"Supervisor de Auditor\u00eda\" id=\"form-field-field_cace124-0\" name=\"form_fields[field_cace124][]\"> <label for=\"form-field-field_cace124-0\">Audit Supervisor<\/label><\/span><span class=\"elementor-field-option\"><input type=\"checkbox\" value=\"Senior de Auditor\u00eda\" id=\"form-field-field_cace124-1\" name=\"form_fields[field_cace124][]\"> <label for=\"form-field-field_cace124-1\">Senior Audit<\/label><\/span><span class=\"elementor-field-option\"><input type=\"checkbox\" value=\"Semi Senior de Auditor\u00eda\" id=\"form-field-field_cace124-2\" name=\"form_fields[field_cace124][]\"> <label for=\"form-field-field_cace124-2\">Semi Senior Audit<\/label><\/span><span class=\"elementor-field-option\"><input type=\"checkbox\" value=\"Asistente de Auditor\u00eda\" id=\"form-field-field_cace124-3\" name=\"form_fields[field_cace124][]\"> <label for=\"form-field-field_cace124-3\">Audit Assistant<\/label><\/span><span class=\"elementor-field-option\"><input type=\"checkbox\" value=\"Contador General\" id=\"form-field-field_cace124-4\" name=\"form_fields[field_cace124][]\"> <label for=\"form-field-field_cace124-4\">General Accountant<\/label><\/span><span class=\"elementor-field-option\"><input type=\"checkbox\" value=\"Asistente Contable\" id=\"form-field-field_cace124-5\" name=\"form_fields[field_cace124][]\"> <label for=\"form-field-field_cace124-5\">Accounting Assistant<\/label><\/span><\/div>\t\t\t\t<\/div>\n\t\t\t\t\t\t\t\t<div class=\"elementor-field-type-upload elementor-field-group elementor-column elementor-field-group-field_e0dafae elementor-col-100 elementor-field-required elementor-mark-required\">\n\t\t\t\t\t\t\t\t\t\t\t\t<label for=\"form-field-field_e0dafae\" class=\"elementor-field-label\">\n\t\t\t\t\t\t\t\tAttach resume\t\t\t\t\t\t\t<\/label>\n\t\t\t\t\t\t\t\t<input type=\"file\" name=\"form_fields[field_e0dafae][]\" id=\"form-field-field_e0dafae\" class=\"elementor-field elementor-size-xs  elementor-upload-field\" required=\"required\" multiple=\"multiple\" data-maxsize=\"20\" data-maxsize-message=\"This file exceeds the maximum allowed size.\">\n\n\t\t\t\t\t\t<\/div>\n\t\t\t\t\t\t\t\t<div class=\"elementor-field-group elementor-column elementor-field-type-submit elementor-col-100 e-form__buttons\">\n\t\t\t\t\t<button class=\"elementor-button elementor-size-xs\" type=\"submit\">\n\t\t\t\t\t\t<span class=\"elementor-button-content-wrapper\">\n\t\t\t\t\t\t\t\t\t\t\t\t\t\t\t\t\t\t\t\t\t\t<span class=\"elementor-button-text\">Send<\/span>\n\t\t\t\t\t\t\t\t\t\t\t\t\t<\/span>\n\t\t\t\t\t<\/button>\n\t\t\t\t<\/div>\n\t\t\t<\/div>\n\t\t<input type=\"hidden\" name=\"trp-form-language\" value=\"en\"\/><\/form>\n\t\t\t\t\t\t<\/div>\n\t\t\t\t<\/div>\n\t\t\t\t\t<\/div>\n\t\t<\/div>\n\t\t\t\t<div class=\"elementor-column elementor-col-16 elementor-top-column elementor-element elementor-element-593ab79\" data-id=\"593ab79\" data-element_type=\"column\">\n\t\t\t<div class=\"elementor-widget-wrap\">\n\t\t\t\t\t\t\t<\/div>\n\t\t<\/div>\n\t\t\t\t\t<\/div>\n\t\t<\/section>\n\t\t\t\t<\/div>","protected":false},"excerpt":{"rendered":"<p>Empleos Ecuador Forma parte de nuestro equipo de trabajo, estamos buscando: SUPERVISOR DE AUDITOR\u00cdA Requisitos: Titulo de tercer nivel en Contabilidad y Auditor\u00eda o afines Trabajo en equipo, bajo objetivos Manejo de Microsoft Office Experiencia m\u00ednima de 3 a\u00f1os en cargos similares Disponibilidad de tiempo inmediata Radicar en la Ciudad de Quito SEMI SENIOR DE [&hellip;]<\/p>","protected":false},"author":4,"featured_media":0,"parent":0,"menu_order":0,"comment_status":"closed","ping_status":"closed","template":"","meta":{"site-sidebar-layout":"no-sidebar","site-content-layout":"page-builder","ast-site-content-layout":"","site-content-style":"default","site-sidebar-style":"default","ast-global-header-display":"","ast-banner-title-visibility":"","ast-main-header-display":"","ast-hfb-above-header-display":"","ast-hfb-below-header-display":"","ast-hfb-mobile-header-display":"","site-post-title":"disabled","ast-breadcrumbs-content":"","ast-featured-img":"disabled","footer-sml-layout":"","theme-transparent-header-meta":"","adv-header-id-meta":"","stick-header-meta":"","header-above-stick-meta":"","header-main-stick-meta":"","header-below-stick-meta":"","astra-migrate-meta-layouts":"default","ast-page-background-enabled":"default","ast-page-background-meta":{"desktop":{"background-color":"var(--ast-global-color-4)","background-image":"","background-repeat":"repeat","background-position":"center center","background-size":"auto","background-attachment":"scroll","background-type":"","background-media":"","overlay-type":"","overlay-color":"","overlay-opacity":"","overlay-gradient":""},"tablet":{"background-color":"","background-image":"","background-repeat":"repeat","background-position":"center center","background-size":"auto","background-attachment":"scroll","background-type":"","background-media":"","overlay-type":"","overlay-color":"","overlay-opacity":"","overlay-gradient":""},"mobile":{"background-color":"","background-image":"","background-repeat":"repeat","background-position":"center center","background-size":"auto","background-attachment":"scroll","background-type":"","background-media":"","overlay-type":"","overlay-color":"","overlay-opacity":"","overlay-gradient":""}},"ast-content-background-meta":{"desktop":{"background-color":"var(--ast-global-color-5)","background-image":"","background-repeat":"repeat","background-position":"center center","background-size":"auto","background-attachment":"scroll","background-type":"","background-media":"","overlay-type":"","overlay-color":"","overlay-opacity":"","overlay-gradient":""},"tablet":{"background-color":"var(--ast-global-color-5)","background-image":"","background-repeat":"repeat","background-position":"center center","background-size":"auto","background-attachment":"scroll","background-type":"","background-media":"","overlay-type":"","overlay-color":"","overlay-opacity":"","overlay-gradient":""},"mobile":{"background-color":"var(--ast-global-color-5)","background-image":"","background-repeat":"repeat","background-position":"center center","background-size":"auto","background-attachment":"scroll","background-type":"","background-media":"","overlay-type":"","overlay-color":"","overlay-opacity":"","overlay-gradient":""}},"_joinchat":[],"footnotes":""},"class_list":["post-29529","page","type-page","status-publish","hentry"],"_links":{"self":[{"href":"https:\/\/acl.com.ec\/en\/wp-json\/wp\/v2\/pages\/29529","targetHints":{"allow":["GET"]}}],"collection":[{"href":"https:\/\/acl.com.ec\/en\/wp-json\/wp\/v2\/pages"}],"about":[{"href":"https:\/\/acl.com.ec\/en\/wp-json\/wp\/v2\/types\/page"}],"author":[{"embeddable":true,"href":"https:\/\/acl.com.ec\/en\/wp-json\/wp\/v2\/users\/4"}],"replies":[{"embeddable":true,"href":"https:\/\/acl.com.ec\/en\/wp-json\/wp\/v2\/comments?post=29529"}],"version-history":[{"count":145,"href":"https:\/\/acl.com.ec\/en\/wp-json\/wp\/v2\/pages\/29529\/revisions"}],"predecessor-version":[{"id":35719,"href":"https:\/\/acl.com.ec\/en\/wp-json\/wp\/v2\/pages\/29529\/revisions\/35719"}],"wp:attachment":[{"href":"https:\/\/acl.com.ec\/en\/wp-json\/wp\/v2\/media?parent=29529"}],"curies":[{"name":"wp","href":"https:\/\/api.w.org\/{rel}","templated":true}]}}